{"id":390,"date":"2022-07-04T14:22:12","date_gmt":"2022-07-04T14:22:12","guid":{"rendered":"https:\/\/fusteriavalmar.com\/?page_id=390"},"modified":"2022-07-22T23:41:33","modified_gmt":"2022-07-22T23:41:33","slug":"cocinas","status":"publish","type":"page","link":"https:\/\/fusteriavalmar.com\/index.php\/cocinas\/","title":{"rendered":"Cocinas"},"content":{"rendered":"\n<p>\u00bfQue tienes en mente? \u00a0como es la cocina de tus sue\u00f1os? Nosotros hacemos realidad tus deseos y dise\u00f1amos la cocina como desees, tanto los exteriores como los interiores se realizar\u00e1n a medida y adaptado a tus necesidades. <\/p>\n\n\n\n<p>Cualquier cosa que puedas imaginar nosotros lo podemos hacer realidad.<\/p>\n\n\n\n<figure class=\"wp-block-gallery has-nested-images columns-default is-cropped wp-block-gallery-1 is-layout-flex wp-block-gallery-is-layout-flex\">\n<figure class=\"wp-block-image size-large\"><img loading=\"lazy\" decoding=\"async\" width=\"768\" height=\"1024\" data-id=\"536\" src=\"https:\/\/fusteriavalmar.com\/wp-content\/uploads\/2022\/07\/IMG-20220703-WA0010-1-768x1024.jpg\" alt=\"\" class=\"wp-image-536\" srcset=\"https:\/\/fusteriavalmar.com\/wp-content\/uploads\/2022\/07\/IMG-20220703-WA0010-1-768x1024.jpg 768w, https:\/\/fusteriavalmar.com\/wp-content\/uploads\/2022\/07\/IMG-20220703-WA0010-1-225x300.jpg 225w, https:\/\/fusteriavalmar.com\/wp-content\/uploads\/2022\/07\/IMG-20220703-WA0010-1-1152x1536.jpg 1152w, https:\/\/fusteriavalmar.com\/wp-content\/uploads\/2022\/07\/IMG-20220703-WA0010-1.jpg 1536w\" sizes=\"auto, (max-width: 768px) 100vw, 768px\" \/><\/figure>\n\n\n\n<figure class=\"wp-block-image size-large\"><img loading=\"lazy\" decoding=\"async\" width=\"1024\" height=\"768\" data-id=\"537\" src=\"https:\/\/fusteriavalmar.com\/wp-content\/uploads\/2022\/07\/IMG-20220615-WA0056.jpg\" alt=\"\" class=\"wp-image-537\" srcset=\"https:\/\/fusteriavalmar.com\/wp-content\/uploads\/2022\/07\/IMG-20220615-WA0056.jpg 1024w, https:\/\/fusteriavalmar.com\/wp-content\/uploads\/2022\/07\/IMG-20220615-WA0056-300x225.jpg 300w, https:\/\/fusteriavalmar.com\/wp-content\/uploads\/2022\/07\/IMG-20220615-WA0056-768x576.jpg 768w\" sizes=\"auto, (max-width: 1024px) 100vw, 1024px\" \/><\/figure>\n\n\n\n<figure class=\"wp-block-image size-large\"><img loading=\"lazy\" decoding=\"async\" width=\"1024\" height=\"768\" data-id=\"535\" src=\"https:\/\/fusteriavalmar.com\/wp-content\/uploads\/2022\/07\/IMG-20220615-WA0124.jpg\" alt=\"\" class=\"wp-image-535\" srcset=\"https:\/\/fusteriavalmar.com\/wp-content\/uploads\/2022\/07\/IMG-20220615-WA0124.jpg 1024w, https:\/\/fusteriavalmar.com\/wp-content\/uploads\/2022\/07\/IMG-20220615-WA0124-300x225.jpg 300w, https:\/\/fusteriavalmar.com\/wp-content\/uploads\/2022\/07\/IMG-20220615-WA0124-768x576.jpg 768w\" sizes=\"auto, (max-width: 1024px) 100vw, 1024px\" \/><\/figure>\n\n\n\n<figure class=\"wp-block-image size-large\"><img loading=\"lazy\" decoding=\"async\" width=\"768\" height=\"1024\" data-id=\"539\" src=\"https:\/\/fusteriavalmar.com\/wp-content\/uploads\/2022\/07\/IMG-20220703-WA0011-768x1024.jpg\" alt=\"\" class=\"wp-image-539\" srcset=\"https:\/\/fusteriavalmar.com\/wp-content\/uploads\/2022\/07\/IMG-20220703-WA0011-768x1024.jpg 768w, https:\/\/fusteriavalmar.com\/wp-content\/uploads\/2022\/07\/IMG-20220703-WA0011-225x300.jpg 225w, https:\/\/fusteriavalmar.com\/wp-content\/uploads\/2022\/07\/IMG-20220703-WA0011-1152x1536.jpg 1152w, https:\/\/fusteriavalmar.com\/wp-content\/uploads\/2022\/07\/IMG-20220703-WA0011.jpg 1536w\" sizes=\"auto, (max-width: 768px) 100vw, 768px\" \/><\/figure>\n\n\n\n<figure class=\"wp-block-image size-large\"><img loading=\"lazy\" decoding=\"async\" width=\"1024\" height=\"768\" data-id=\"538\" src=\"https:\/\/fusteriavalmar.com\/wp-content\/uploads\/2022\/07\/IMG-20220615-WA0055.jpg\" alt=\"\" class=\"wp-image-538\" srcset=\"https:\/\/fusteriavalmar.com\/wp-content\/uploads\/2022\/07\/IMG-20220615-WA0055.jpg 1024w, https:\/\/fusteriavalmar.com\/wp-content\/uploads\/2022\/07\/IMG-20220615-WA0055-300x225.jpg 300w, https:\/\/fusteriavalmar.com\/wp-content\/uploads\/2022\/07\/IMG-20220615-WA0055-768x576.jpg 768w\" sizes=\"auto, (max-width: 1024px) 100vw, 1024px\" \/><\/figure>\n<\/figure>\n\n\n\n<p><\/p>\n","protected":false},"excerpt":{"rendered":"<p>\u00bfQue tienes en mente? \u00a0como es la cocina de tus sue\u00f1os? Nosotros hacemos realidad tus deseos y dise\u00f1amos la cocina como desees, tanto los exteriores como los interiores se realizar\u00e1n a medida y adaptado a tus necesidades. Cualquier cosa que puedas imaginar nosotros lo podemos hacer realidad.<\/p>\n","protected":false},"author":1,"featured_media":0,"parent":0,"menu_order":0,"comment_status":"closed","ping_status":"closed","template":"","meta":{"footnotes":""},"class_list":["post-390","page","type-page","status-publish","hentry"],"yoast_head":"<!-- This site is optimized with the Yoast SEO plugin v27.5 - https:\/\/yoast.com\/product\/yoast-seo-wordpress\/ -->\n<title>Cocinas - Fusteria Valmar<\/title>\n<meta name=\"description\" content=\"Cocinas a medida para poder hacer realidad tus sue\u00f1os, que tienes en la mente? nosotros lo plasmamos para ti.\" \/>\n<meta name=\"robots\" content=\"index, follow, max-snippet:-1, max-image-preview:large, max-video-preview:-1\" \/>\n<link rel=\"canonical\" href=\"https:\/\/fusteriavalmar.com\/index.php\/cocinas\/\" \/>\n<meta property=\"og:locale\" content=\"es_ES\" \/>\n<meta property=\"og:type\" content=\"article\" \/>\n<meta property=\"og:title\" content=\"Cocinas - Fusteria Valmar\" \/>\n<meta property=\"og:description\" content=\"Cocinas a medida para poder hacer realidad tus sue\u00f1os, que tienes en la mente? nosotros lo plasmamos para ti.\" \/>\n<meta property=\"og:url\" content=\"https:\/\/fusteriavalmar.com\/index.php\/cocinas\/\" \/>\n<meta property=\"og:site_name\" content=\"Fusteria Valmar\" \/>\n<meta property=\"article:modified_time\" content=\"2022-07-22T23:41:33+00:00\" \/>\n<meta property=\"og:image\" content=\"https:\/\/fusteriavalmar.com\/wp-content\/uploads\/2022\/07\/IMG-20220703-WA0010-1-768x1024.jpg\" \/>\n<meta name=\"twitter:card\" content=\"summary_large_image\" \/>\n<meta name=\"twitter:label1\" content=\"Tiempo de lectura\" \/>\n\t<meta name=\"twitter:data1\" content=\"2 minutos\" \/>\n<script type=\"application\/ld+json\" class=\"yoast-schema-graph\">{\"@context\":\"https:\\\/\\\/schema.org\",\"@graph\":[{\"@type\":\"WebPage\",\"@id\":\"https:\\\/\\\/fusteriavalmar.com\\\/index.php\\\/cocinas\\\/\",\"url\":\"https:\\\/\\\/fusteriavalmar.com\\\/index.php\\\/cocinas\\\/\",\"name\":\"Cocinas - Fusteria Valmar\",\"isPartOf\":{\"@id\":\"https:\\\/\\\/fusteriavalmar.com\\\/#website\"},\"primaryImageOfPage\":{\"@id\":\"https:\\\/\\\/fusteriavalmar.com\\\/index.php\\\/cocinas\\\/#primaryimage\"},\"image\":{\"@id\":\"https:\\\/\\\/fusteriavalmar.com\\\/index.php\\\/cocinas\\\/#primaryimage\"},\"thumbnailUrl\":\"https:\\\/\\\/fusteriavalmar.com\\\/wp-content\\\/uploads\\\/2022\\\/07\\\/IMG-20220703-WA0010-1-768x1024.jpg\",\"datePublished\":\"2022-07-04T14:22:12+00:00\",\"dateModified\":\"2022-07-22T23:41:33+00:00\",\"description\":\"Cocinas a medida para poder hacer realidad tus sue\u00f1os, que tienes en la mente? nosotros lo plasmamos para ti.\",\"breadcrumb\":{\"@id\":\"https:\\\/\\\/fusteriavalmar.com\\\/index.php\\\/cocinas\\\/#breadcrumb\"},\"inLanguage\":\"es\",\"potentialAction\":[{\"@type\":\"ReadAction\",\"target\":[\"https:\\\/\\\/fusteriavalmar.com\\\/index.php\\\/cocinas\\\/\"]}]},{\"@type\":\"ImageObject\",\"inLanguage\":\"es\",\"@id\":\"https:\\\/\\\/fusteriavalmar.com\\\/index.php\\\/cocinas\\\/#primaryimage\",\"url\":\"https:\\\/\\\/fusteriavalmar.com\\\/wp-content\\\/uploads\\\/2022\\\/07\\\/IMG-20220703-WA0010-1.jpg\",\"contentUrl\":\"https:\\\/\\\/fusteriavalmar.com\\\/wp-content\\\/uploads\\\/2022\\\/07\\\/IMG-20220703-WA0010-1.jpg\",\"width\":1536,\"height\":2048},{\"@type\":\"BreadcrumbList\",\"@id\":\"https:\\\/\\\/fusteriavalmar.com\\\/index.php\\\/cocinas\\\/#breadcrumb\",\"itemListElement\":[{\"@type\":\"ListItem\",\"position\":1,\"name\":\"Portada\",\"item\":\"https:\\\/\\\/fusteriavalmar.com\\\/\"},{\"@type\":\"ListItem\",\"position\":2,\"name\":\"Cocinas\"}]},{\"@type\":\"WebSite\",\"@id\":\"https:\\\/\\\/fusteriavalmar.com\\\/#website\",\"url\":\"https:\\\/\\\/fusteriavalmar.com\\\/\",\"name\":\"Fusteria Valmar\",\"description\":\"Carpinter\u00eda de calidad\",\"publisher\":{\"@id\":\"https:\\\/\\\/fusteriavalmar.com\\\/#organization\"},\"potentialAction\":[{\"@type\":\"SearchAction\",\"target\":{\"@type\":\"EntryPoint\",\"urlTemplate\":\"https:\\\/\\\/fusteriavalmar.com\\\/?s={search_term_string}\"},\"query-input\":{\"@type\":\"PropertyValueSpecification\",\"valueRequired\":true,\"valueName\":\"search_term_string\"}}],\"inLanguage\":\"es\"},{\"@type\":\"Organization\",\"@id\":\"https:\\\/\\\/fusteriavalmar.com\\\/#organization\",\"name\":\"Fusteria Valmar\",\"url\":\"https:\\\/\\\/fusteriavalmar.com\\\/\",\"logo\":{\"@type\":\"ImageObject\",\"inLanguage\":\"es\",\"@id\":\"https:\\\/\\\/fusteriavalmar.com\\\/#\\\/schema\\\/logo\\\/image\\\/\",\"url\":\"https:\\\/\\\/fusteriavalmar.com\\\/wp-content\\\/uploads\\\/2026\\\/03\\\/cropped-valmar.jpeg\",\"contentUrl\":\"https:\\\/\\\/fusteriavalmar.com\\\/wp-content\\\/uploads\\\/2026\\\/03\\\/cropped-valmar.jpeg\",\"width\":824,\"height\":764,\"caption\":\"Fusteria Valmar\"},\"image\":{\"@id\":\"https:\\\/\\\/fusteriavalmar.com\\\/#\\\/schema\\\/logo\\\/image\\\/\"}}]}<\/script>\n<!-- \/ Yoast SEO plugin. -->","yoast_head_json":{"title":"Cocinas - Fusteria Valmar","description":"Cocinas a medida para poder hacer realidad tus sue\u00f1os, que tienes en la mente? nosotros lo plasmamos para ti.","robots":{"index":"index","follow":"follow","max-snippet":"max-snippet:-1","max-image-preview":"max-image-preview:large","max-video-preview":"max-video-preview:-1"},"canonical":"https:\/\/fusteriavalmar.com\/index.php\/cocinas\/","og_locale":"es_ES","og_type":"article","og_title":"Cocinas - Fusteria Valmar","og_description":"Cocinas a medida para poder hacer realidad tus sue\u00f1os, que tienes en la mente? nosotros lo plasmamos para ti.","og_url":"https:\/\/fusteriavalmar.com\/index.php\/cocinas\/","og_site_name":"Fusteria Valmar","article_modified_time":"2022-07-22T23:41:33+00:00","og_image":[{"url":"https:\/\/fusteriavalmar.com\/wp-content\/uploads\/2022\/07\/IMG-20220703-WA0010-1-768x1024.jpg","type":"","width":"","height":""}],"twitter_card":"summary_large_image","twitter_misc":{"Tiempo de lectura":"2 minutos"},"schema":{"@context":"https:\/\/schema.org","@graph":[{"@type":"WebPage","@id":"https:\/\/fusteriavalmar.com\/index.php\/cocinas\/","url":"https:\/\/fusteriavalmar.com\/index.php\/cocinas\/","name":"Cocinas - Fusteria Valmar","isPartOf":{"@id":"https:\/\/fusteriavalmar.com\/#website"},"primaryImageOfPage":{"@id":"https:\/\/fusteriavalmar.com\/index.php\/cocinas\/#primaryimage"},"image":{"@id":"https:\/\/fusteriavalmar.com\/index.php\/cocinas\/#primaryimage"},"thumbnailUrl":"https:\/\/fusteriavalmar.com\/wp-content\/uploads\/2022\/07\/IMG-20220703-WA0010-1-768x1024.jpg","datePublished":"2022-07-04T14:22:12+00:00","dateModified":"2022-07-22T23:41:33+00:00","description":"Cocinas a medida para poder hacer realidad tus sue\u00f1os, que tienes en la mente? nosotros lo plasmamos para ti.","breadcrumb":{"@id":"https:\/\/fusteriavalmar.com\/index.php\/cocinas\/#breadcrumb"},"inLanguage":"es","potentialAction":[{"@type":"ReadAction","target":["https:\/\/fusteriavalmar.com\/index.php\/cocinas\/"]}]},{"@type":"ImageObject","inLanguage":"es","@id":"https:\/\/fusteriavalmar.com\/index.php\/cocinas\/#primaryimage","url":"https:\/\/fusteriavalmar.com\/wp-content\/uploads\/2022\/07\/IMG-20220703-WA0010-1.jpg","contentUrl":"https:\/\/fusteriavalmar.com\/wp-content\/uploads\/2022\/07\/IMG-20220703-WA0010-1.jpg","width":1536,"height":2048},{"@type":"BreadcrumbList","@id":"https:\/\/fusteriavalmar.com\/index.php\/cocinas\/#breadcrumb","itemListElement":[{"@type":"ListItem","position":1,"name":"Portada","item":"https:\/\/fusteriavalmar.com\/"},{"@type":"ListItem","position":2,"name":"Cocinas"}]},{"@type":"WebSite","@id":"https:\/\/fusteriavalmar.com\/#website","url":"https:\/\/fusteriavalmar.com\/","name":"Fusteria Valmar","description":"Carpinter\u00eda de calidad","publisher":{"@id":"https:\/\/fusteriavalmar.com\/#organization"},"potentialAction":[{"@type":"SearchAction","target":{"@type":"EntryPoint","urlTemplate":"https:\/\/fusteriavalmar.com\/?s={search_term_string}"},"query-input":{"@type":"PropertyValueSpecification","valueRequired":true,"valueName":"search_term_string"}}],"inLanguage":"es"},{"@type":"Organization","@id":"https:\/\/fusteriavalmar.com\/#organization","name":"Fusteria Valmar","url":"https:\/\/fusteriavalmar.com\/","logo":{"@type":"ImageObject","inLanguage":"es","@id":"https:\/\/fusteriavalmar.com\/#\/schema\/logo\/image\/","url":"https:\/\/fusteriavalmar.com\/wp-content\/uploads\/2026\/03\/cropped-valmar.jpeg","contentUrl":"https:\/\/fusteriavalmar.com\/wp-content\/uploads\/2026\/03\/cropped-valmar.jpeg","width":824,"height":764,"caption":"Fusteria Valmar"},"image":{"@id":"https:\/\/fusteriavalmar.com\/#\/schema\/logo\/image\/"}}]}},"_links":{"self":[{"href":"https:\/\/fusteriavalmar.com\/index.php\/wp-json\/wp\/v2\/pages\/390","targetHints":{"allow":["GET"]}}],"collection":[{"href":"https:\/\/fusteriavalmar.com\/index.php\/wp-json\/wp\/v2\/pages"}],"about":[{"href":"https:\/\/fusteriavalmar.com\/index.php\/wp-json\/wp\/v2\/types\/page"}],"author":[{"embeddable":true,"href":"https:\/\/fusteriavalmar.com\/index.php\/wp-json\/wp\/v2\/users\/1"}],"replies":[{"embeddable":true,"href":"https:\/\/fusteriavalmar.com\/index.php\/wp-json\/wp\/v2\/comments?post=390"}],"version-history":[{"count":4,"href":"https:\/\/fusteriavalmar.com\/index.php\/wp-json\/wp\/v2\/pages\/390\/revisions"}],"predecessor-version":[{"id":564,"href":"https:\/\/fusteriavalmar.com\/index.php\/wp-json\/wp\/v2\/pages\/390\/revisions\/564"}],"wp:attachment":[{"href":"https:\/\/fusteriavalmar.com\/index.php\/wp-json\/wp\/v2\/media?parent=390"}],"curies":[{"name":"wp","href":"https:\/\/api.w.org\/{rel}","templated":true}]}}