{"id":24,"date":"2022-06-15T09:44:25","date_gmt":"2022-06-15T09:44:25","guid":{"rendered":"https:\/\/fusteriavalmar.com\/?page_id=24"},"modified":"2025-11-09T18:29:15","modified_gmt":"2025-11-09T18:29:15","slug":"contacto","status":"publish","type":"page","link":"https:\/\/fusteriavalmar.com\/index.php\/contacto\/","title":{"rendered":"Contacto"},"content":{"rendered":"<div data-colibri-id=\"24-c1\" class=\"style-219 style-local-24-c1 position-relative\">\n  <!---->\n  <div data-colibri-component=\"section\" data-colibri-id=\"24-c2\" id=\"about\" class=\"h-section h-section-global-spacing d-flex align-items-lg-center align-items-md-center align-items-center style-224 style-local-24-c2 position-relative\">\n    <!---->\n    <!---->\n    <div class=\"h-section-grid-container h-section-boxed-container\">\n      <!---->\n      <div data-colibri-id=\"24-c3\" class=\"h-row-container gutters-row-lg-2 gutters-row-md-2 gutters-row-2 gutters-row-v-lg-2 gutters-row-v-md-2 gutters-row-v-2 style-225 style-local-24-c3 position-relative\">\n        <!---->\n        <div class=\"h-row justify-content-lg-center justify-content-md-center justify-content-center align-items-lg-stretch align-items-md-stretch align-items-stretch gutters-col-lg-2 gutters-col-md-2 gutters-col-2 gutters-col-v-lg-2 gutters-col-v-md-2 gutters-col-v-2\">\n          <!---->\n          <div class=\"h-column h-column-container d-flex h-col-lg-6 h-col-md-6 h-col-12 style-226-outer style-local-24-c4-outer\">\n            <div data-colibri-id=\"24-c4\" class=\"d-flex h-flex-basis h-column__inner h-px-lg-2 h-px-md-2 h-px-2 v-inner-lg-2 v-inner-md-2 v-inner-2 style-226 style-local-24-c4 position-relative\">\n              <!---->\n              <!---->\n              <div class=\"w-100 h-y-container h-column__content h-column__v-align flex-basis-100 align-self-lg-center align-self-md-center align-self-center\">\n                <!---->\n                <div data-colibri-id=\"24-c5\" class=\"h-global-transition-all h-heading style-228 style-local-24-c5 position-relative h-element\">\n                  <!---->\n                  <div class=\"h-heading__outer style-228 style-local-24-c5\">\n                    <!---->\n                    <!---->\n                    <h4 class=\"\">Necesites m\u00e9s informaci\u00f3?<\/h4>\n                  <\/div>\n                <\/div>\n                <div data-colibri-id=\"24-c6\" class=\"h-text h-text-component style-308 style-local-24-c6 position-relative h-element\">\n                  <!---->\n                  <!---->\n                  <div class=\"\">\n                    <p><span style=\"font-weight: 400; font-size: 13px; font-family: -apple-system, BlinkMacSystemFont, &quot;Segoe UI&quot;, Roboto, Oxygen-Sans, Ubuntu, Cantarell, &quot;Helvetica Neue&quot;, sans-serif; color: rgb(80, 87, 94);\"><div class=\"wpforms-container wpforms-container-full\" id=\"wpforms-605\"><form id=\"wpforms-form-605\" class=\"wpforms-validate wpforms-form wpforms-ajax-form\" data-formid=\"605\" method=\"post\" enctype=\"multipart\/form-data\" action=\"\/index.php\/wp-json\/wp\/v2\/pages\/24\" data-token=\"8d64b480c8d60788a337756ece895bbf\" data-token-time=\"1777714045\"><noscript class=\"wpforms-error-noscript\">Por favor, activa JavaScript en tu navegador para completar este formulario.<\/noscript><div class=\"wpforms-field-container\"><div id=\"wpforms-605-field_0-container\" class=\"wpforms-field wpforms-field-name\" data-field-id=\"0\"><label class=\"wpforms-field-label\">Nombre <span class=\"wpforms-required-label\">*<\/span><\/label><div class=\"wpforms-field-row wpforms-field-medium\"><div class=\"wpforms-field-row-block wpforms-first wpforms-one-half\"><input type=\"text\" id=\"wpforms-605-field_0\" class=\"wpforms-field-name-first wpforms-field-required\" name=\"wpforms[fields][0][first]\" required><label for=\"wpforms-605-field_0\" class=\"wpforms-field-sublabel after\">Nombre<\/label><\/div><div class=\"wpforms-field-row-block wpforms-one-half\"><input type=\"text\" id=\"wpforms-605-field_0-last\" class=\"wpforms-field-name-last wpforms-field-required\" name=\"wpforms[fields][0][last]\" required><label for=\"wpforms-605-field_0-last\" class=\"wpforms-field-sublabel after\">Apellidos<\/label><\/div><\/div><\/div><div id=\"wpforms-605-field_1-container\" class=\"wpforms-field wpforms-field-email\" data-field-id=\"1\"><label class=\"wpforms-field-label\" for=\"wpforms-605-field_1\">Correo electr\u00f3nico <span class=\"wpforms-required-label\">*<\/span><\/label><input type=\"email\" id=\"wpforms-605-field_1\" class=\"wpforms-field-medium wpforms-field-required\" name=\"wpforms[fields][1]\" spellcheck=\"false\" required><\/div><div id=\"wpforms-605-field_3-container\" class=\"wpforms-field wpforms-field-name\" data-field-id=\"3\"><label class=\"wpforms-field-label\" for=\"wpforms-605-field_3\">Telefono <span class=\"wpforms-required-label\">*<\/span><\/label><input type=\"text\" id=\"wpforms-605-field_3\" class=\"wpforms-field-small wpforms-field-required\" name=\"wpforms[fields][3]\" required><\/div><div id=\"wpforms-605-field_2-container\" class=\"wpforms-field wpforms-field-textarea\" data-field-id=\"2\"><label class=\"wpforms-field-label\" for=\"wpforms-605-field_2\">Comentario o mensaje<\/label><textarea id=\"wpforms-605-field_2\" class=\"wpforms-field-medium\" name=\"wpforms[fields][2]\" ><\/textarea><\/div><\/div><!-- .wpforms-field-container --><div class=\"wpforms-recaptcha-container wpforms-is-recaptcha wpforms-is-recaptcha-type-v2\" ><div class=\"g-recaptcha\" data-sitekey=\"6LenFUgkAAAAAFS5jvzWaJQCpp-X2OGFIk1Py2_Z\"><\/div><input type=\"text\" name=\"g-recaptcha-hidden\" class=\"wpforms-recaptcha-hidden\" style=\"position:absolute!important;clip:rect(0,0,0,0)!important;height:1px!important;width:1px!important;border:0!important;overflow:hidden!important;padding:0!important;margin:0!important;\" data-rule-recaptcha=\"1\"><\/div><div class=\"wpforms-submit-container\" ><input type=\"hidden\" name=\"wpforms[id]\" value=\"605\"><input type=\"hidden\" name=\"page_title\" value=\"\"><input type=\"hidden\" name=\"page_url\" value=\"https:\/\/fusteriavalmar.com\/index.php\/wp-json\/wp\/v2\/pages\/24\"><input type=\"hidden\" name=\"url_referer\" value=\"\"><button type=\"submit\" name=\"wpforms[submit]\" id=\"wpforms-submit-605\" class=\"wpforms-submit\" data-alt-text=\"Enviando...\" data-submit-text=\"Enviar\" aria-live=\"assertive\" value=\"wpforms-submit\">Enviar<\/button><img loading=\"lazy\" decoding=\"async\" src=\"https:\/\/fusteriavalmar.com\/wp-content\/plugins\/wpforms-lite\/assets\/images\/submit-spin.svg\" class=\"wpforms-submit-spinner\" style=\"display: none;\" width=\"26\" height=\"26\" alt=\"Cargando\"><\/div><\/form><\/div>  <!-- .wpforms-container --><\/span><\/p>\n                  <\/div>\n                <\/div>\n                <div data-colibri-id=\"24-c7\" class=\"h-text h-text-component style-229 style-local-24-c7 position-relative h-element\">\n                  <!---->\n                  <!---->\n                  <div class=\"\">\n                    <p>Tel\u00e9fono:&nbsp;695 17 46 96<\/p>\n                    <p>Direcci\u00f3n: Pol\u00edgono industrial Sallent (Barcelona)<\/p>\n                    <p>Correo:&nbsp;info@fusteriavalmar.com<\/p>\n                  <\/div>\n                <\/div>\n              <\/div>\n            <\/div>\n          <\/div>\n          <div class=\"h-column h-column-container d-flex h-col-lg-6 h-col-md-6 h-col-12 style-232-outer style-local-24-c8-outer\">\n            <div data-colibri-id=\"24-c8\" class=\"d-flex h-flex-basis h-column__inner h-px-lg-2 h-px-md-2 h-px-2 v-inner-lg-2 v-inner-md-2 v-inner-2 style-232 style-local-24-c8 position-relative\">\n              <!---->\n              <!---->\n              <div class=\"w-100 h-y-container h-column__content h-column__v-align flex-basis-100 align-self-lg-center align-self-md-center align-self-center\">\n                <!---->\n                <div data-colibri-id=\"24-c9\" class=\"d-block style-233 style-local-24-c9 position-relative h-element\">\n                  <!---->\n                  <div class=\"h-image__frame-container-outer\">\n                    <div class=\"h-image__frame-container\">\n                      <!---->\n                      <!---->\n                      <img loading=\"lazy\" decoding=\"async\" width=\"500\" height=\"500\" src=\"https:\/\/fusteriavalmar.com\/wp-content\/uploads\/2022\/06\/cropped-cropped-cropped-IMG-20220615-WA0051-e1655289103662.jpg\" class=\"wp-image-311 style-233-image style-local-24-c9-image\" alt=\"\" srcset=\"https:\/\/fusteriavalmar.com\/wp-content\/uploads\/2022\/06\/cropped-cropped-cropped-IMG-20220615-WA0051-e1655289103662.jpg 500w, https:\/\/fusteriavalmar.com\/wp-content\/uploads\/2022\/06\/cropped-cropped-cropped-IMG-20220615-WA0051-e1655289103662-300x300.jpg 300w, https:\/\/fusteriavalmar.com\/wp-content\/uploads\/2022\/06\/cropped-cropped-cropped-IMG-20220615-WA0051-e1655289103662-150x150.jpg 150w\" sizes=\"auto, (max-width: 500px) 100vw, 500px\" \/>\n                      <div class=\"h-image__frame h-hide-sm style-233-frameImage style-local-24-c9-frameImage\"><\/div>\n                    <\/div>\n                  <\/div>\n                <\/div>\n              <\/div>\n            <\/div>\n          <\/div>\n        <\/div>\n      <\/div>\n    <\/div>\n  <\/div>\n<\/div>","protected":false},"excerpt":{"rendered":"<p>Necesites m\u00e9s informaci\u00f3? Tel\u00e9fono:&nbsp;695 17 46 96 Direcci\u00f3n: Pol\u00edgono industrial Sallent (Barcelona) Correo:&nbsp;info@fusteriavalmar.com<\/p>\n","protected":false},"author":1,"featured_media":19,"parent":0,"menu_order":0,"comment_status":"closed","ping_status":"closed","template":"page-templates\/full-width-page.php","meta":{"footnotes":""},"class_list":["post-24","page","type-page","status-publish","has-post-thumbnail","hentry"],"yoast_head":"<!-- This site is optimized with the Yoast SEO plugin v27.5 - https:\/\/yoast.com\/product\/yoast-seo-wordpress\/ -->\n<title>Contacto - Fusteria Valmar<\/title>\n<meta name=\"description\" content=\"Contacto de carpinter\u00eda Valmar, que necesitas? precio, acabados, detalles, calidad, velocidad, precisi\u00f3n dise\u00f1o...\" \/>\n<meta name=\"robots\" content=\"index, follow, max-snippet:-1, max-image-preview:large, max-video-preview:-1\" \/>\n<link rel=\"canonical\" href=\"https:\/\/fusteriavalmar.com\/index.php\/contacto\/\" \/>\n<meta property=\"og:locale\" content=\"es_ES\" \/>\n<meta property=\"og:type\" content=\"article\" \/>\n<meta property=\"og:title\" content=\"Contacto - Fusteria Valmar\" \/>\n<meta property=\"og:description\" content=\"Contacto de carpinter\u00eda Valmar, que necesitas? precio, acabados, detalles, calidad, velocidad, precisi\u00f3n dise\u00f1o...\" \/>\n<meta property=\"og:url\" content=\"https:\/\/fusteriavalmar.com\/index.php\/contacto\/\" \/>\n<meta property=\"og:site_name\" content=\"Fusteria Valmar\" \/>\n<meta property=\"article:modified_time\" content=\"2025-11-09T18:29:15+00:00\" \/>\n<meta property=\"og:image\" content=\"https:\/\/fusteriavalmar.com\/wp-content\/uploads\/2022\/06\/espresso-2.jpg\" \/>\n\t<meta property=\"og:image:width\" content=\"2000\" \/>\n\t<meta property=\"og:image:height\" content=\"1200\" \/>\n\t<meta property=\"og:image:type\" content=\"image\/jpeg\" \/>\n<meta name=\"twitter:card\" content=\"summary_large_image\" \/>\n<script type=\"application\/ld+json\" class=\"yoast-schema-graph\">{\"@context\":\"https:\\\/\\\/schema.org\",\"@graph\":[{\"@type\":\"WebPage\",\"@id\":\"https:\\\/\\\/fusteriavalmar.com\\\/index.php\\\/contacto\\\/\",\"url\":\"https:\\\/\\\/fusteriavalmar.com\\\/index.php\\\/contacto\\\/\",\"name\":\"Contacto - Fusteria Valmar\",\"isPartOf\":{\"@id\":\"https:\\\/\\\/fusteriavalmar.com\\\/#website\"},\"primaryImageOfPage\":{\"@id\":\"https:\\\/\\\/fusteriavalmar.com\\\/index.php\\\/contacto\\\/#primaryimage\"},\"image\":{\"@id\":\"https:\\\/\\\/fusteriavalmar.com\\\/index.php\\\/contacto\\\/#primaryimage\"},\"thumbnailUrl\":\"https:\\\/\\\/fusteriavalmar.com\\\/wp-content\\\/uploads\\\/2022\\\/06\\\/espresso-2.jpg\",\"datePublished\":\"2022-06-15T09:44:25+00:00\",\"dateModified\":\"2025-11-09T18:29:15+00:00\",\"description\":\"Contacto de carpinter\u00eda Valmar, que necesitas? precio, acabados, detalles, calidad, velocidad, precisi\u00f3n dise\u00f1o...\",\"breadcrumb\":{\"@id\":\"https:\\\/\\\/fusteriavalmar.com\\\/index.php\\\/contacto\\\/#breadcrumb\"},\"inLanguage\":\"es\",\"potentialAction\":[{\"@type\":\"ReadAction\",\"target\":[\"https:\\\/\\\/fusteriavalmar.com\\\/index.php\\\/contacto\\\/\"]}]},{\"@type\":\"ImageObject\",\"inLanguage\":\"es\",\"@id\":\"https:\\\/\\\/fusteriavalmar.com\\\/index.php\\\/contacto\\\/#primaryimage\",\"url\":\"https:\\\/\\\/fusteriavalmar.com\\\/wp-content\\\/uploads\\\/2022\\\/06\\\/espresso-2.jpg\",\"contentUrl\":\"https:\\\/\\\/fusteriavalmar.com\\\/wp-content\\\/uploads\\\/2022\\\/06\\\/espresso-2.jpg\",\"width\":2000,\"height\":1200},{\"@type\":\"BreadcrumbList\",\"@id\":\"https:\\\/\\\/fusteriavalmar.com\\\/index.php\\\/contacto\\\/#breadcrumb\",\"itemListElement\":[{\"@type\":\"ListItem\",\"position\":1,\"name\":\"Portada\",\"item\":\"https:\\\/\\\/fusteriavalmar.com\\\/\"},{\"@type\":\"ListItem\",\"position\":2,\"name\":\"Contacto\"}]},{\"@type\":\"WebSite\",\"@id\":\"https:\\\/\\\/fusteriavalmar.com\\\/#website\",\"url\":\"https:\\\/\\\/fusteriavalmar.com\\\/\",\"name\":\"Fusteria Valmar\",\"description\":\"Carpinter\u00eda de calidad\",\"publisher\":{\"@id\":\"https:\\\/\\\/fusteriavalmar.com\\\/#organization\"},\"potentialAction\":[{\"@type\":\"SearchAction\",\"target\":{\"@type\":\"EntryPoint\",\"urlTemplate\":\"https:\\\/\\\/fusteriavalmar.com\\\/?s={search_term_string}\"},\"query-input\":{\"@type\":\"PropertyValueSpecification\",\"valueRequired\":true,\"valueName\":\"search_term_string\"}}],\"inLanguage\":\"es\"},{\"@type\":\"Organization\",\"@id\":\"https:\\\/\\\/fusteriavalmar.com\\\/#organization\",\"name\":\"Fusteria Valmar\",\"url\":\"https:\\\/\\\/fusteriavalmar.com\\\/\",\"logo\":{\"@type\":\"ImageObject\",\"inLanguage\":\"es\",\"@id\":\"https:\\\/\\\/fusteriavalmar.com\\\/#\\\/schema\\\/logo\\\/image\\\/\",\"url\":\"https:\\\/\\\/fusteriavalmar.com\\\/wp-content\\\/uploads\\\/2026\\\/03\\\/cropped-valmar.jpeg\",\"contentUrl\":\"https:\\\/\\\/fusteriavalmar.com\\\/wp-content\\\/uploads\\\/2026\\\/03\\\/cropped-valmar.jpeg\",\"width\":824,\"height\":764,\"caption\":\"Fusteria Valmar\"},\"image\":{\"@id\":\"https:\\\/\\\/fusteriavalmar.com\\\/#\\\/schema\\\/logo\\\/image\\\/\"}}]}<\/script>\n<!-- \/ Yoast SEO plugin. -->","yoast_head_json":{"title":"Contacto - Fusteria Valmar","description":"Contacto de carpinter\u00eda Valmar, que necesitas? precio, acabados, detalles, calidad, velocidad, precisi\u00f3n dise\u00f1o...","robots":{"index":"index","follow":"follow","max-snippet":"max-snippet:-1","max-image-preview":"max-image-preview:large","max-video-preview":"max-video-preview:-1"},"canonical":"https:\/\/fusteriavalmar.com\/index.php\/contacto\/","og_locale":"es_ES","og_type":"article","og_title":"Contacto - Fusteria Valmar","og_description":"Contacto de carpinter\u00eda Valmar, que necesitas? precio, acabados, detalles, calidad, velocidad, precisi\u00f3n dise\u00f1o...","og_url":"https:\/\/fusteriavalmar.com\/index.php\/contacto\/","og_site_name":"Fusteria Valmar","article_modified_time":"2025-11-09T18:29:15+00:00","og_image":[{"width":2000,"height":1200,"url":"https:\/\/fusteriavalmar.com\/wp-content\/uploads\/2022\/06\/espresso-2.jpg","type":"image\/jpeg"}],"twitter_card":"summary_large_image","schema":{"@context":"https:\/\/schema.org","@graph":[{"@type":"WebPage","@id":"https:\/\/fusteriavalmar.com\/index.php\/contacto\/","url":"https:\/\/fusteriavalmar.com\/index.php\/contacto\/","name":"Contacto - Fusteria Valmar","isPartOf":{"@id":"https:\/\/fusteriavalmar.com\/#website"},"primaryImageOfPage":{"@id":"https:\/\/fusteriavalmar.com\/index.php\/contacto\/#primaryimage"},"image":{"@id":"https:\/\/fusteriavalmar.com\/index.php\/contacto\/#primaryimage"},"thumbnailUrl":"https:\/\/fusteriavalmar.com\/wp-content\/uploads\/2022\/06\/espresso-2.jpg","datePublished":"2022-06-15T09:44:25+00:00","dateModified":"2025-11-09T18:29:15+00:00","description":"Contacto de carpinter\u00eda Valmar, que necesitas? precio, acabados, detalles, calidad, velocidad, precisi\u00f3n dise\u00f1o...","breadcrumb":{"@id":"https:\/\/fusteriavalmar.com\/index.php\/contacto\/#breadcrumb"},"inLanguage":"es","potentialAction":[{"@type":"ReadAction","target":["https:\/\/fusteriavalmar.com\/index.php\/contacto\/"]}]},{"@type":"ImageObject","inLanguage":"es","@id":"https:\/\/fusteriavalmar.com\/index.php\/contacto\/#primaryimage","url":"https:\/\/fusteriavalmar.com\/wp-content\/uploads\/2022\/06\/espresso-2.jpg","contentUrl":"https:\/\/fusteriavalmar.com\/wp-content\/uploads\/2022\/06\/espresso-2.jpg","width":2000,"height":1200},{"@type":"BreadcrumbList","@id":"https:\/\/fusteriavalmar.com\/index.php\/contacto\/#breadcrumb","itemListElement":[{"@type":"ListItem","position":1,"name":"Portada","item":"https:\/\/fusteriavalmar.com\/"},{"@type":"ListItem","position":2,"name":"Contacto"}]},{"@type":"WebSite","@id":"https:\/\/fusteriavalmar.com\/#website","url":"https:\/\/fusteriavalmar.com\/","name":"Fusteria Valmar","description":"Carpinter\u00eda de calidad","publisher":{"@id":"https:\/\/fusteriavalmar.com\/#organization"},"potentialAction":[{"@type":"SearchAction","target":{"@type":"EntryPoint","urlTemplate":"https:\/\/fusteriavalmar.com\/?s={search_term_string}"},"query-input":{"@type":"PropertyValueSpecification","valueRequired":true,"valueName":"search_term_string"}}],"inLanguage":"es"},{"@type":"Organization","@id":"https:\/\/fusteriavalmar.com\/#organization","name":"Fusteria Valmar","url":"https:\/\/fusteriavalmar.com\/","logo":{"@type":"ImageObject","inLanguage":"es","@id":"https:\/\/fusteriavalmar.com\/#\/schema\/logo\/image\/","url":"https:\/\/fusteriavalmar.com\/wp-content\/uploads\/2026\/03\/cropped-valmar.jpeg","contentUrl":"https:\/\/fusteriavalmar.com\/wp-content\/uploads\/2026\/03\/cropped-valmar.jpeg","width":824,"height":764,"caption":"Fusteria Valmar"},"image":{"@id":"https:\/\/fusteriavalmar.com\/#\/schema\/logo\/image\/"}}]}},"_links":{"self":[{"href":"https:\/\/fusteriavalmar.com\/index.php\/wp-json\/wp\/v2\/pages\/24","targetHints":{"allow":["GET"]}}],"collection":[{"href":"https:\/\/fusteriavalmar.com\/index.php\/wp-json\/wp\/v2\/pages"}],"about":[{"href":"https:\/\/fusteriavalmar.com\/index.php\/wp-json\/wp\/v2\/types\/page"}],"author":[{"embeddable":true,"href":"https:\/\/fusteriavalmar.com\/index.php\/wp-json\/wp\/v2\/users\/1"}],"replies":[{"embeddable":true,"href":"https:\/\/fusteriavalmar.com\/index.php\/wp-json\/wp\/v2\/comments?post=24"}],"version-history":[{"count":11,"href":"https:\/\/fusteriavalmar.com\/index.php\/wp-json\/wp\/v2\/pages\/24\/revisions"}],"predecessor-version":[{"id":872,"href":"https:\/\/fusteriavalmar.com\/index.php\/wp-json\/wp\/v2\/pages\/24\/revisions\/872"}],"wp:featuredmedia":[{"embeddable":true,"href":"https:\/\/fusteriavalmar.com\/index.php\/wp-json\/wp\/v2\/media\/19"}],"wp:attachment":[{"href":"https:\/\/fusteriavalmar.com\/index.php\/wp-json\/wp\/v2\/media?parent=24"}],"curies":[{"name":"wp","href":"https:\/\/api.w.org\/{rel}","templated":true}]}}